{"id":3274,"date":"2025-11-08T12:16:22","date_gmt":"2025-11-08T10:16:22","guid":{"rendered":"https:\/\/www.pimpom.fi\/?post_type=product&#038;p=3274"},"modified":"2025-11-08T12:16:22","modified_gmt":"2025-11-08T10:16:22","slug":"katso-ja-koskettele-numerot","status":"publish","type":"product","link":"https:\/\/www.pimpom.fi\/?product=katso-ja-koskettele-numerot","title":{"rendered":"Katso ja koskettele: numerot"},"content":{"rendered":"","protected":false},"excerpt":{"rendered":"<p>\u201dT\u00e4ss\u00e4 pieniin k\u00e4siin sopivassa tulevassa ja turvallisessa kirjassa vauva p\u00e4\u00e4see tutustumaan sanoihin ja erilaisiin pintoihin.\u201d<\/p>\n<p>Moitteeton kunto!<\/p>\n","protected":false},"featured_media":3275,"template":"","meta":[],"product_brand":[],"product_cat":[529],"product_tag":[],"class_list":{"0":"post-3274","1":"product","2":"type-product","3":"status-publish","4":"has-post-thumbnail","6":"product_cat-kirjat","8":"first","9":"instock","10":"sold-individually","11":"taxable","12":"shipping-taxable","13":"purchasable","14":"product-type-simple"},"_links":{"self":[{"href":"https:\/\/www.pimpom.fi\/index.php?rest_route=\/wp\/v2\/product\/3274","targetHints":{"allow":["GET"]}}],"collection":[{"href":"https:\/\/www.pimpom.fi\/index.php?rest_route=\/wp\/v2\/product"}],"about":[{"href":"https:\/\/www.pimpom.fi\/index.php?rest_route=\/wp\/v2\/types\/product"}],"wp:featuredmedia":[{"embeddable":true,"href":"https:\/\/www.pimpom.fi\/index.php?rest_route=\/wp\/v2\/media\/3275"}],"wp:attachment":[{"href":"https:\/\/www.pimpom.fi\/index.php?rest_route=%2Fwp%2Fv2%2Fmedia&parent=3274"}],"wp:term":[{"taxonomy":"product_brand","embeddable":true,"href":"https:\/\/www.pimpom.fi\/index.php?rest_route=%2Fwp%2Fv2%2Fproduct_brand&post=3274"},{"taxonomy":"product_cat","embeddable":true,"href":"https:\/\/www.pimpom.fi\/index.php?rest_route=%2Fwp%2Fv2%2Fproduct_cat&post=3274"},{"taxonomy":"product_tag","embeddable":true,"href":"https:\/\/www.pimpom.fi\/index.php?rest_route=%2Fwp%2Fv2%2Fproduct_tag&post=3274"}],"curies":[{"name":"wp","href":"https:\/\/api.w.org\/{rel}","templated":true}]}}