{"id":3330,"date":"2025-11-12T15:00:30","date_gmt":"2025-11-12T13:00:30","guid":{"rendered":"https:\/\/www.pimpom.fi\/?post_type=product&#038;p=3330"},"modified":"2025-11-12T15:00:30","modified_gmt":"2025-11-12T13:00:30","slug":"vesta-linnea-ja-samettikuono","status":"publish","type":"product","link":"https:\/\/www.pimpom.fi\/?product=vesta-linnea-ja-samettikuono","title":{"rendered":"Vesta-Linnea ja Samettikuono"},"content":{"rendered":"","protected":false},"excerpt":{"rendered":"<p>\u201dIkioma koira on monen lapsen unelma, ja nyt jo eskari-ik\u00e4isen Vesta-Linnean haave toteutuu! Kaikki ei kuitenkaan suju odotusten mukaisesti, sill\u00e4 suloinen koiranpentu tuo h\u00e4nen el\u00e4m\u00e4\u00e4ns\u00e4 paitsi suurinta iloa niin suurinta surua.\u201d<\/p>\n<p>Kirjoittanut Tove Appelgren<\/p>\n","protected":false},"featured_media":3328,"template":"","meta":[],"product_brand":[],"product_cat":[529],"product_tag":[],"class_list":{"0":"post-3330","1":"product","2":"type-product","3":"status-publish","4":"has-post-thumbnail","6":"product_cat-kirjat","8":"first","9":"instock","10":"taxable","11":"shipping-taxable","12":"purchasable","13":"product-type-simple"},"_links":{"self":[{"href":"https:\/\/www.pimpom.fi\/index.php?rest_route=\/wp\/v2\/product\/3330","targetHints":{"allow":["GET"]}}],"collection":[{"href":"https:\/\/www.pimpom.fi\/index.php?rest_route=\/wp\/v2\/product"}],"about":[{"href":"https:\/\/www.pimpom.fi\/index.php?rest_route=\/wp\/v2\/types\/product"}],"wp:featuredmedia":[{"embeddable":true,"href":"https:\/\/www.pimpom.fi\/index.php?rest_route=\/wp\/v2\/media\/3328"}],"wp:attachment":[{"href":"https:\/\/www.pimpom.fi\/index.php?rest_route=%2Fwp%2Fv2%2Fmedia&parent=3330"}],"wp:term":[{"taxonomy":"product_brand","embeddable":true,"href":"https:\/\/www.pimpom.fi\/index.php?rest_route=%2Fwp%2Fv2%2Fproduct_brand&post=3330"},{"taxonomy":"product_cat","embeddable":true,"href":"https:\/\/www.pimpom.fi\/index.php?rest_route=%2Fwp%2Fv2%2Fproduct_cat&post=3330"},{"taxonomy":"product_tag","embeddable":true,"href":"https:\/\/www.pimpom.fi\/index.php?rest_route=%2Fwp%2Fv2%2Fproduct_tag&post=3330"}],"curies":[{"name":"wp","href":"https:\/\/api.w.org\/{rel}","templated":true}]}}