{"id":4251,"date":"2026-01-07T14:51:24","date_gmt":"2026-01-07T12:51:24","guid":{"rendered":"https:\/\/www.pimpom.fi\/?post_type=product&#038;p=4251"},"modified":"2026-03-13T22:00:48","modified_gmt":"2026-03-13T20:00:48","slug":"kuling-vuorellinen-sadehaalari-80cm","status":"publish","type":"product","link":"https:\/\/www.pimpom.fi\/?product=kuling-vuorellinen-sadehaalari-80cm","title":{"rendered":"Kuling-vuorellinen sadehaalari 80cm"},"content":{"rendered":"","protected":false},"excerpt":{"rendered":"<p>Kaunis, l\u00e4mmin ja kest\u00e4v\u00e4 sadehaalari merkilt\u00e4 Kuling. Kokomerkint\u00e4 74\/80cm. On kuitenkin reilu 80cm.<\/p>\n","protected":false},"featured_media":4248,"template":"","meta":[],"product_brand":[],"product_cat":[574],"product_tag":[],"class_list":{"0":"post-4251","1":"product","2":"type-product","3":"status-publish","4":"has-post-thumbnail","6":"product_cat-tytot-80-92cm","8":"first","9":"outofstock","10":"sold-individually","11":"taxable","12":"shipping-taxable","13":"purchasable","14":"product-type-simple"},"_links":{"self":[{"href":"https:\/\/www.pimpom.fi\/index.php?rest_route=\/wp\/v2\/product\/4251","targetHints":{"allow":["GET"]}}],"collection":[{"href":"https:\/\/www.pimpom.fi\/index.php?rest_route=\/wp\/v2\/product"}],"about":[{"href":"https:\/\/www.pimpom.fi\/index.php?rest_route=\/wp\/v2\/types\/product"}],"wp:featuredmedia":[{"embeddable":true,"href":"https:\/\/www.pimpom.fi\/index.php?rest_route=\/wp\/v2\/media\/4248"}],"wp:attachment":[{"href":"https:\/\/www.pimpom.fi\/index.php?rest_route=%2Fwp%2Fv2%2Fmedia&parent=4251"}],"wp:term":[{"taxonomy":"product_brand","embeddable":true,"href":"https:\/\/www.pimpom.fi\/index.php?rest_route=%2Fwp%2Fv2%2Fproduct_brand&post=4251"},{"taxonomy":"product_cat","embeddable":true,"href":"https:\/\/www.pimpom.fi\/index.php?rest_route=%2Fwp%2Fv2%2Fproduct_cat&post=4251"},{"taxonomy":"product_tag","embeddable":true,"href":"https:\/\/www.pimpom.fi\/index.php?rest_route=%2Fwp%2Fv2%2Fproduct_tag&post=4251"}],"curies":[{"name":"wp","href":"https:\/\/api.w.org\/{rel}","templated":true}]}}