{"id":6064,"date":"2026-04-22T12:42:46","date_gmt":"2026-04-22T09:42:46","guid":{"rendered":"https:\/\/www.pimpom.fi\/?post_type=product&#038;p=6064"},"modified":"2026-04-22T12:57:11","modified_gmt":"2026-04-22T09:57:11","slug":"elsa-emmi-2-3v","status":"publish","type":"product","link":"https:\/\/www.pimpom.fi\/?product=elsa-emmi-2-3v","title":{"rendered":"Elsa &#038; Emmi 1-2v"},"content":{"rendered":"","protected":false},"excerpt":{"rendered":"<p>Suloinen kes\u00e4hattu merkilt\u00e4 Elsa &#038; Emmi. K\u00e4sintehty. Vastaa kokoa 1-2v.<\/p>\n","protected":false},"featured_media":6066,"template":"","meta":[],"product_brand":[],"product_cat":[574,569],"product_tag":[],"class_list":{"0":"post-6064","1":"product","2":"type-product","3":"status-publish","4":"has-post-thumbnail","6":"product_cat-tytot-80-92cm","7":"product_cat-tytot-98-104cm","9":"first","10":"instock","11":"sold-individually","12":"taxable","13":"shipping-taxable","14":"purchasable","15":"product-type-simple"},"_links":{"self":[{"href":"https:\/\/www.pimpom.fi\/index.php?rest_route=\/wp\/v2\/product\/6064","targetHints":{"allow":["GET"]}}],"collection":[{"href":"https:\/\/www.pimpom.fi\/index.php?rest_route=\/wp\/v2\/product"}],"about":[{"href":"https:\/\/www.pimpom.fi\/index.php?rest_route=\/wp\/v2\/types\/product"}],"wp:featuredmedia":[{"embeddable":true,"href":"https:\/\/www.pimpom.fi\/index.php?rest_route=\/wp\/v2\/media\/6066"}],"wp:attachment":[{"href":"https:\/\/www.pimpom.fi\/index.php?rest_route=%2Fwp%2Fv2%2Fmedia&parent=6064"}],"wp:term":[{"taxonomy":"product_brand","embeddable":true,"href":"https:\/\/www.pimpom.fi\/index.php?rest_route=%2Fwp%2Fv2%2Fproduct_brand&post=6064"},{"taxonomy":"product_cat","embeddable":true,"href":"https:\/\/www.pimpom.fi\/index.php?rest_route=%2Fwp%2Fv2%2Fproduct_cat&post=6064"},{"taxonomy":"product_tag","embeddable":true,"href":"https:\/\/www.pimpom.fi\/index.php?rest_route=%2Fwp%2Fv2%2Fproduct_tag&post=6064"}],"curies":[{"name":"wp","href":"https:\/\/api.w.org\/{rel}","templated":true}]}}