{"id":6429,"date":"2026-05-12T16:35:11","date_gmt":"2026-05-12T13:35:11","guid":{"rendered":"https:\/\/www.pimpom.fi\/?post_type=product&#038;p=6429"},"modified":"2026-05-12T16:35:11","modified_gmt":"2026-05-12T13:35:11","slug":"crewcuts-3v","status":"publish","type":"product","link":"https:\/\/www.pimpom.fi\/?product=crewcuts-3v","title":{"rendered":"Crewcuts 3v"},"content":{"rendered":"","protected":false},"excerpt":{"rendered":"<p>Kaunis kevyt hame merkilt\u00e4 Crewcuts. Vy\u00f6t\u00e4r\u00f6ll\u00e4 kiristys mahdollisuus.<\/p>\n","protected":false},"featured_media":6430,"template":"","meta":[],"product_brand":[],"product_cat":[569],"product_tag":[],"class_list":{"0":"post-6429","1":"product","2":"type-product","3":"status-publish","4":"has-post-thumbnail","6":"product_cat-tytot-98-104cm","8":"first","9":"instock","10":"sold-individually","11":"taxable","12":"shipping-taxable","13":"purchasable","14":"product-type-simple"},"_links":{"self":[{"href":"https:\/\/www.pimpom.fi\/index.php?rest_route=\/wp\/v2\/product\/6429","targetHints":{"allow":["GET"]}}],"collection":[{"href":"https:\/\/www.pimpom.fi\/index.php?rest_route=\/wp\/v2\/product"}],"about":[{"href":"https:\/\/www.pimpom.fi\/index.php?rest_route=\/wp\/v2\/types\/product"}],"wp:featuredmedia":[{"embeddable":true,"href":"https:\/\/www.pimpom.fi\/index.php?rest_route=\/wp\/v2\/media\/6430"}],"wp:attachment":[{"href":"https:\/\/www.pimpom.fi\/index.php?rest_route=%2Fwp%2Fv2%2Fmedia&parent=6429"}],"wp:term":[{"taxonomy":"product_brand","embeddable":true,"href":"https:\/\/www.pimpom.fi\/index.php?rest_route=%2Fwp%2Fv2%2Fproduct_brand&post=6429"},{"taxonomy":"product_cat","embeddable":true,"href":"https:\/\/www.pimpom.fi\/index.php?rest_route=%2Fwp%2Fv2%2Fproduct_cat&post=6429"},{"taxonomy":"product_tag","embeddable":true,"href":"https:\/\/www.pimpom.fi\/index.php?rest_route=%2Fwp%2Fv2%2Fproduct_tag&post=6429"}],"curies":[{"name":"wp","href":"https:\/\/api.w.org\/{rel}","templated":true}]}}